{"id":6845,"date":"2020-11-25T07:59:58","date_gmt":"2020-11-25T06:59:58","guid":{"rendered":"https:\/\/hotel-hubertushof.it\/impressum\/"},"modified":"2024-10-23T10:37:06","modified_gmt":"2024-10-23T08:37:06","slug":"impresso","status":"publish","type":"page","link":"https:\/\/hotel-hubertushof.it\/it\/impresso\/","title":{"rendered":"Impressum"},"content":{"rendered":"\t\t<div data-elementor-type=\"wp-page\" data-elementor-id=\"6845\" class=\"elementor elementor-6845 elementor-543\" data-elementor-post-type=\"page\">\n\t\t\t\t\t\t\t        <section class=\"elementor-section elementor-top-section elementor-element elementor-element-945cd02 elementor-section-boxed elementor-section-height-default elementor-section-height-default\" data-id=\"945cd02\" data-element_type=\"section\">\n        \n                <div class=\"elementor-container elementor-column-gap-default \">\n                <div class=\"elementor-column elementor-col-50 elementor-top-column elementor-element elementor-element-c52e66c\" data-id=\"c52e66c\" data-element_type=\"column\">\n        <div class=\"elementor-widget-wrap elementor-element-populated\">\n                        \t\t<div class=\"elementor-element elementor-element-0c6a098 elementor-widget elementor-widget-heading\" data-id=\"0c6a098\" data-element_type=\"widget\" data-widget_type=\"heading.default\">\n\t\t\t\t<div class=\"elementor-widget-container\">\n\t\t\t<style>\/*! elementor - v3.18.0 - 08-12-2023 *\/\n.elementor-heading-title{padding:0;margin:0;line-height:1}.elementor-widget-heading .elementor-heading-title[class*=elementor-size-]>a{color:inherit;font-size:inherit;line-height:inherit}.elementor-widget-heading .elementor-heading-title.elementor-size-small{font-size:15px}.elementor-widget-heading .elementor-heading-title.elementor-size-medium{font-size:19px}.elementor-widget-heading .elementor-heading-title.elementor-size-large{font-size:29px}.elementor-widget-heading .elementor-heading-title.elementor-size-xl{font-size:39px}.elementor-widget-heading .elementor-heading-title.elementor-size-xxl{font-size:59px}<\/style><h2 class=\"elementor-heading-title elementor-size-default\">Responsabile per i contenuti<\/h2>\t\t<\/div>\n\t\t\t\t<\/div>\n\t\t\t\t<div class=\"elementor-element elementor-element-820736e elementor-widget elementor-widget-cms_text_editor\" data-id=\"820736e\" data-element_type=\"widget\" data-widget_type=\"cms_text_editor.default\">\n\t\t\t\t<div class=\"elementor-widget-container\">\n\t\t\t    <div class=\"elementor-text-editor elementor-clearfix\"><p>Hotel Ristorante Pizzeria Hubertushof<br>Famiglia&nbsp; Ainhauser<br>Via Marconi 19<br>39049 Vipiteno (BZ)<\/p><p>CIN: IT021115A188DJRVMX<br>\u00ad<\/p>\n<p>Tel: +39 0472 765683<br>\u00adFax: +39 0472 765890<br>\u00ad<a href=\"mailto:info@hotel-hubertushof.it\">info@hotel-hubertushof.it<\/a><\/p>\n<p>Partita IVA IT 00745720219<\/p><\/div>\t\t<\/div>\n\t\t\t\t<\/div>\n\t\t        <\/div>\n        <\/div>\n                <div class=\"elementor-column elementor-col-50 elementor-top-column elementor-element elementor-element-d4c0c50\" data-id=\"d4c0c50\" data-element_type=\"column\">\n        <div class=\"elementor-widget-wrap elementor-element-populated\">\n                        \t\t<div class=\"elementor-element elementor-element-895d85d elementor-widget elementor-widget-heading\" data-id=\"895d85d\" data-element_type=\"widget\" data-widget_type=\"heading.default\">\n\t\t\t\t<div class=\"elementor-widget-container\">\n\t\t\t<h2 class=\"elementor-heading-title elementor-size-default\">Hosting & Programmazione<\/h2>\t\t<\/div>\n\t\t\t\t<\/div>\n\t\t\t\t<div class=\"elementor-element elementor-element-bcd45f1 elementor-widget elementor-widget-cms_text_editor\" data-id=\"bcd45f1\" data-element_type=\"widget\" data-widget_type=\"cms_text_editor.default\">\n\t\t\t\t<div class=\"elementor-widget-container\">\n\t\t\t    <div class=\"elementor-text-editor elementor-clearfix\"><p><a href=\"https:\/\/studio-creation.it\">Agenzia Pubblicitiaria Studio Creation<\/a><br \/>Sch\u00f6lzhorn &amp; Hohenegger<br \/>Via Citt\u00e0 Nuova 20A<br \/>I-39049 Vipiteno<br \/><a href=\"https:\/\/studio-creation.it\">www.studio-creation.it<\/a><\/p><\/div>\t\t<\/div>\n\t\t\t\t<\/div>\n\t\t        <\/div>\n        <\/div>\n                        <\/div>\n        <\/section>\n                <section class=\"elementor-section elementor-top-section elementor-element elementor-element-49289dd elementor-section-boxed elementor-section-height-default elementor-section-height-default\" data-id=\"49289dd\" data-element_type=\"section\">\n        \n                <div class=\"elementor-container elementor-column-gap-default \">\n                <div class=\"elementor-column elementor-col-100 elementor-top-column elementor-element elementor-element-eacbe46\" data-id=\"eacbe46\" data-element_type=\"column\">\n        <div class=\"elementor-widget-wrap elementor-element-populated\">\n                        \t\t<div class=\"elementor-element elementor-element-433023b elementor-widget elementor-widget-heading\" data-id=\"433023b\" data-element_type=\"widget\" data-widget_type=\"heading.default\">\n\t\t\t\t<div class=\"elementor-widget-container\">\n\t\t\t<h2 class=\"elementor-heading-title elementor-size-default\">Protezione dati<\/h2>\t\t<\/div>\n\t\t\t\t<\/div>\n\t\t\t\t<div class=\"elementor-element elementor-element-75e1395 elementor-widget elementor-widget-cms_text_editor\" data-id=\"75e1395\" data-element_type=\"widget\" data-widget_type=\"cms_text_editor.default\">\n\t\t\t\t<div class=\"elementor-widget-container\">\n\t\t\t    <div class=\"elementor-text-editor elementor-clearfix\"><p>Questo sito web utilizza Google Analytics, un servizio di analisi web fornito da Google Inc. (\u201cGoogle\u201d). Google Analytics utilizza i cosiddetti &#8220;cookie&#8221;, file di testo che vengono memorizzati sul vostro computer e che consentono di analizzare il vostro utilizzo del sito web. Le informazioni generate dal cookie sull&#8217;utilizzo di questo sito web vengono solitamente trasmesse a un server di Google negli Stati Uniti e ivi memorizzate. Tuttavia, se su questo sito web \u00e8 attivata l&#8217;anonimizzazione dell&#8217;IP, il vostro indirizzo IP verr\u00e0 prima abbreviato da Google all&#8217;interno degli stati membri dell&#8217;Unione Europea o in altri stati contraenti dell&#8217;accordo sullo Spazio economico europeo.<br \/>Solo in casi eccezionali l&#8217;indirizzo IP completo verr\u00e0 trasmesso a un server di Google negli Stati Uniti e l\u00ec abbreviato. Per conto dell&#8217;operatore di questo sito web, Google utilizzer\u00e0 queste informazioni per valutare l&#8217;utilizzo del sito web, compilare report sulle attivit\u00e0 del sito web e fornire altri servizi relativi alle attivit\u00e0 del sito web e all&#8217;utilizzo di Internet all&#8217;operatore del sito web. L&#8217;indirizzo IP trasmesso dal tuo browser come parte di Google Analytics non viene combinato con altri dati di Google. Potete impedire la memorizzazione dei cookie impostando di conseguenza il software del vostro browser; Desideriamo tuttavia sottolineare che in questo caso potrebbe non essere possibile utilizzare tutte le funzioni di questo sito web nella loro totalit\u00e0. Puoi anche impedire a Google di raccogliere i dati generati dal cookie e relativi al tuo utilizzo del sito web (compreso il tuo indirizzo IP) e di elaborare questi dati da parte di Google scaricando e installando il plug-in del browser disponibile a questo link.<\/p><p>Politica sui cookie Google Analytics: https:\/\/www.google.de\/policies\/privacy\/<\/p><p>Informazioni obbligatorie ai sensi del Regolamento UE n. 524\/2013 del Parlamento Europeo e del Consiglio Piattaforma per la risoluzione online delle controversie dei consumatori (ODR) della Commissione Europea: https:\/\/ec.europa.eu\/consumers\/odr<\/p><\/div>\t\t<\/div>\n\t\t\t\t<\/div>\n\t\t        <\/div>\n        <\/div>\n                        <\/div>\n        <\/section>\n                <section class=\"elementor-section elementor-top-section elementor-element elementor-element-8d46d5d elementor-section-boxed elementor-section-height-default elementor-section-height-default\" data-id=\"8d46d5d\" data-element_type=\"section\">\n        \n                <div class=\"elementor-container elementor-column-gap-default \">\n                <div class=\"elementor-column elementor-col-100 elementor-top-column elementor-element elementor-element-b183e71\" data-id=\"b183e71\" data-element_type=\"column\">\n        <div class=\"elementor-widget-wrap elementor-element-populated\">\n                        \t\t<div class=\"elementor-element elementor-element-fd955ab elementor-widget elementor-widget-heading\" data-id=\"fd955ab\" data-element_type=\"widget\" data-widget_type=\"heading.default\">\n\t\t\t\t<div class=\"elementor-widget-container\">\n\t\t\t<h2 class=\"elementor-heading-title elementor-size-default\">Link e contenuti<\/h2>\t\t<\/div>\n\t\t\t\t<\/div>\n\t\t\t\t<div class=\"elementor-element elementor-element-c96765f elementor-widget elementor-widget-cms_text_editor\" data-id=\"c96765f\" data-element_type=\"widget\" data-widget_type=\"cms_text_editor.default\">\n\t\t\t\t<div class=\"elementor-widget-container\">\n\t\t\t    <div class=\"elementor-text-editor elementor-clearfix\"><p>Si sottolinea espressamente che non abbiamo alcuna influenza sui contenuti ivi pubblicati o sulla struttura delle pagine collegate da questo sito web. Pertanto non ci assumiamo alcuna responsabilit\u00e0 o garanzia per il contenuto delle pagine collegate. Prendiamo espressamente le distanze dalle opinioni espresse in queste pagine, poich\u00e9 potrebbero non sempre corrispondere alle nostre opinioni.<\/p><p><strong>Nota su Google Analytics<br \/><\/strong>Segnaliamo che questo sito web utilizza Google Analytics, un servizio di analisi web fornito da Google Inc. (\u201cGoogle\u201d).<\/p><\/div>\t\t<\/div>\n\t\t\t\t<\/div>\n\t\t        <\/div>\n        <\/div>\n                        <\/div>\n        <\/section>\n                <section class=\"elementor-section elementor-top-section elementor-element elementor-element-df2c0e2 elementor-section-boxed elementor-section-height-default elementor-section-height-default\" data-id=\"df2c0e2\" data-element_type=\"section\">\n        \n                <div class=\"elementor-container elementor-column-gap-default \">\n                <div class=\"elementor-column elementor-col-100 elementor-top-column elementor-element elementor-element-4191cb6\" data-id=\"4191cb6\" data-element_type=\"column\">\n        <div class=\"elementor-widget-wrap elementor-element-populated\">\n                        \t\t<div class=\"elementor-element elementor-element-4b8ecd0 elementor-widget elementor-widget-heading\" data-id=\"4b8ecd0\" data-element_type=\"widget\" data-widget_type=\"heading.default\">\n\t\t\t\t<div class=\"elementor-widget-container\">\n\t\t\t<h2 class=\"elementor-heading-title elementor-size-default\">Privacy<\/h2>\t\t<\/div>\n\t\t\t\t<\/div>\n\t\t\t\t<div class=\"elementor-element elementor-element-bd50d8e elementor-widget elementor-widget-cms_text_editor\" data-id=\"bd50d8e\" data-element_type=\"widget\" data-widget_type=\"cms_text_editor.default\">\n\t\t\t\t<div class=\"elementor-widget-container\">\n\t\t\t    <div class=\"elementor-text-editor elementor-clearfix\"><h6>Lettera esplicativa ai sensi del Decreto Legislativo 30 giugno 2003 n. 196 \u201cCodice in materia di protezione dei dati personali\u201d<\/h6><p>Ai sensi dell&#8217;articolo 13 del D.Lgs. 30 giugno 2003, n. 196, La informiamo che trattiamo dati personali di clienti e fornitori, nonch\u00e9 dati di soggetti che volontariamente forniscono alla nostra societ\u00e0 i propri dati anagrafici (di persona, telefonicamente , via fax o via e-mail). e-mail) nonch\u00e9 registrandosi sul nostro sito web, nonch\u00e9 da persone i cui dati sono stati rilevati da terzi, ad esempio durante la raccolta di dati esterni per informazioni commerciali, elenchi pubblici, ecc. ., in quest&#8217;ultimo caso solo dati personali di tipo e natura comune\/ordinaria.<\/p><p>La nostra azienda garantisce, nell&#8217;ambito degli obblighi di legge, che il trattamento dei dati personali tiene conto dei diritti e delle libert\u00e0 fondamentali, nonch\u00e9 della dignit\u00e0 dell&#8217;interessato, con particolare riferimento alla riservatezza, all&#8217;identit\u00e0 personale e al diritto alla protezione dei dati personali. dati personali.<\/p><p><strong>Obiettivi e finalit\u00e0 del trattamento dei dati:<\/strong><\/p><ul><li>Adempimento di obblighi di legge, obblighi derivanti da regolamenti, norme comunitarie e norme civilistiche e fiscali<\/li><li>Adempimento di eventuali obblighi contrattuali nei confronti dell\u2019interessato<\/li><li>Svolgimento di attivit\u00e0 legate all&#8217;attivit\u00e0 commerciale della nostra azienda, come la compilazione di statistiche interne, la contabilit\u00e0 e il mantenimento della contabilit\u00e0 clienti\/fornitori<\/li><li>Finalit\u00e0 di carattere commerciale quali invio di informazioni commerciali e materiale promozionale (tramite posta, fax ed e-mail), marketing e ricerche di mercato<\/li><li>Tutela dei crediti e gestione delle passivit\u00e0<br \/>Obiettivi riguardanti le assicurazioni, in particolare l&#8217;assicurazione del credito<\/li><li>Ambito di comunicazione e diffusione dei dati:<\/li><\/ul><p><strong>In relazione alle finalit\u00e0 sopra indicate, i Suoi dati personali verranno eventualmente trasferiti:<\/strong><\/p><ul><li>alle pubbliche amministrazioni ed autorit\u00e0 qualora ci\u00f2 sia previsto dalla legge<\/li><li>ad istituti di credito con i quali la nostra societ\u00e0 intrattiene rapporti commerciali per la gestione dei crediti\/passivi e per i finanziamenti<\/li><li>a tutte quelle persone fisiche e\/o giuridiche, pubbliche e\/o private (studi di consulenza legale, amministrativa e fiscale, tribunali, camere di commercio, ecc.) qualora l&#8217;inoltro si riveli necessario o utile per l&#8217;esercizio della nostra attivit\u00e0.<\/li><li>a fornitori\/produttori qualora ci\u00f2 sia necessario per la registrazione dei prodotti.<\/li><li>I dati personali trattati dalla nostra azienda non sono soggetti a diffusione.<\/li><\/ul><p><strong>Tipo di trattamento dei dati:<\/strong><\/p><p>Il trattamento dei dati potr\u00e0 effettuarsi con o senza l&#8217;ausilio di mezzi elettronici, comunque automatizzati, e comprende tutte le operazioni previste dall&#8217;articolo 4, comma 1, lettera a del D.Lgs. 30 giugno 2003, n. 196 e necessarie per il trattamento dei dati in questione. In ogni caso, il trattamento dei dati avviene nell&#8217;osservanza di tutte le misure di sicurezza idonee a garantirne la sicurezza e la riservatezza.<\/p><p><strong>Dati di navigazione nell&#8217;ambito del nostro servizio di informazioni su Internet:<\/strong><\/p><p>I sistemi informatici e le procedure previste per il funzionamento del sito web www.hotel-hubertushof.it raccolgono, nel corso del loro normale esercizio, alcuni dati personali la cui trasmissione \u00e8 implicita nell&#8217;uso dei protocolli di scambio dati su Internet.<\/p><p>Si tratta di informazioni che non sono raccolte per essere associate a interessati identificati, ma che, per loro stessa natura, permettono di identificare gli utenti attraverso elaborazioni ed associazioni con dati detenuti da terzi. In questa categoria di dati rientrano gli indirizzi IP o i nomi a dominio dei computer che si connettono al sito, gli indirizzi in notazione URI (Uniform Resource Identifier) \u200b\u200bdelle risorse richieste, l&#8217;orario della richiesta ed altri parametri relativi alla trasmissione e al comportamento dell&#8217;utente. ambiente informatico.<\/p><p>Questi dati vengono utilizzati al solo fine di ricavare informazioni statistiche anonime sull&#8217;uso del sito e per controllarne il corretto funzionamento. I dati in questione potrebbero essere utilizzati per l&#8217;accertamento di responsabilit\u00e0 in caso di reati informatici ai danni del nostro sito.<\/p><p><strong>Diritti dell&#8217;interessato:<\/strong><\/p><p>La normativa sulla protezione dei dati personali attribuisce all&#8217;interessato la possibilit\u00e0 di esercitare alcuni diritti previsti dall&#8217;art. di conoscere il motivo e le finalit\u00e0 del loro trattamento, nonch\u00e9 l&#8217;informazione relativa ai titolari e ai responsabili del trattamento nonch\u00e9 ai soggetti e alle categorie di soggetti ai quali tali trattamenti si riferiscono. i dati possono essere trasmessi.<\/p><p>L&#8217;interessato ha il diritto di ottenere l&#8217;aggiornamento, la rettifica e l&#8217;integrazione dei propri dati, nonch\u00e9 di chiederne la cancellazione, il blocco e la trasformazione in forma anonima qualora il trattamento violi le disposizioni di legge. Ha diritto di opporsi, con giustificato motivo, in tutto o in parte, al trattamento dei suoi dati, e senza giustificato motivo, quando i dati vengono utilizzati per finalit\u00e0 di informazione commerciale, invio di materiale pubblicitario, vendita diretta, mercato e opinione ricerca.<\/p><p>I diritti di cui all&#8217;articolo 7 possono essere esercitati dall&#8217;interessato o da una persona da lui autorizzata, rivolgendo una richiesta al responsabile del trattamento dei dati &#8211; 39049 Vipiteno &#8211; mediante lettera raccomandata o posta elettronica all&#8217;indirizzo info@hotel-hubertushof.it.<\/p><\/div>\t\t<\/div>\n\t\t\t\t<\/div>\n\t\t        <\/div>\n        <\/div>\n                        <\/div>\n        <\/section>\n        \t\t\t\t\t<\/div>\n\t\t","protected":false},"excerpt":{"rendered":"<p>Responsabile per i contenuti Hotel Ristorante Pizzeria HubertushofFamiglia&nbsp; AinhauserVia Marconi 1939049 Vipiteno (BZ) CIN: IT021115A188DJRVMX\u00ad Tel: +39 0472 765683\u00adFax: +39 0472 765890\u00adinfo@hotel-hubertushof.it Partita IVA IT 00745720219 Hosting &#038; Programmazione Agenzia Pubblicitiaria Studio CreationSch\u00f6lzhorn &amp; HoheneggerVia Citt\u00e0 Nuova 20AI-39049 Vipitenowww.studio-creation.it Protezione dati Questo sito web utilizza Google Analytics, un servizio di analisi web fornito da Google [&hellip;]<\/p>\n","protected":false},"author":1,"featured_media":0,"parent":0,"menu_order":0,"comment_status":"closed","ping_status":"closed","template":"","meta":{"footnotes":""},"_links":{"self":[{"href":"https:\/\/hotel-hubertushof.it\/it\/wp-json\/wp\/v2\/pages\/6845"}],"collection":[{"href":"https:\/\/hotel-hubertushof.it\/it\/wp-json\/wp\/v2\/pages"}],"about":[{"href":"https:\/\/hotel-hubertushof.it\/it\/wp-json\/wp\/v2\/types\/page"}],"author":[{"embeddable":true,"href":"https:\/\/hotel-hubertushof.it\/it\/wp-json\/wp\/v2\/users\/1"}],"replies":[{"embeddable":true,"href":"https:\/\/hotel-hubertushof.it\/it\/wp-json\/wp\/v2\/comments?post=6845"}],"version-history":[{"count":10,"href":"https:\/\/hotel-hubertushof.it\/it\/wp-json\/wp\/v2\/pages\/6845\/revisions"}],"predecessor-version":[{"id":7231,"href":"https:\/\/hotel-hubertushof.it\/it\/wp-json\/wp\/v2\/pages\/6845\/revisions\/7231"}],"wp:attachment":[{"href":"https:\/\/hotel-hubertushof.it\/it\/wp-json\/wp\/v2\/media?parent=6845"}],"curies":[{"name":"wp","href":"https:\/\/api.w.org\/{rel}","templated":true}]}}